{"id":738,"date":"2021-01-28T13:46:47","date_gmt":"2021-01-28T12:46:47","guid":{"rendered":"https:\/\/www.merior.sk\/contact\/dakujeme\/"},"modified":"2021-02-02T12:31:31","modified_gmt":"2021-02-02T11:31:31","slug":"thank-you","status":"publish","type":"page","link":"https:\/\/www.merior.sk\/en\/contact\/thank-you\/","title":{"rendered":"Thank you"},"content":{"rendered":"[vc_row type=&#8221;in_container&#8221; full_screen_row_position=&#8221;middle&#8221; column_margin=&#8221;default&#8221; column_direction=&#8221;default&#8221; column_direction_tablet=&#8221;default&#8221; column_direction_phone=&#8221;default&#8221; scene_position=&#8221;center&#8221; top_padding=&#8221;200&#8243; bottom_padding=&#8221;250&#8243; top_padding_phone=&#8221;100&#8243; bottom_padding_phone=&#8221;100&#8243; text_color=&#8221;dark&#8221; text_align=&#8221;left&#8221; row_border_radius=&#8221;none&#8221; row_border_radius_applies=&#8221;bg&#8221; overlay_strength=&#8221;0.3&#8243; gradient_direction=&#8221;left_to_right&#8221; shape_divider_position=&#8221;bottom&#8221; bg_image_animation=&#8221;none&#8221; shape_type=&#8221;&#8221;][vc_column column_padding=&#8221;no-extra-padding&#8221; column_padding_tablet=&#8221;inherit&#8221; column_padding_phone=&#8221;inherit&#8221; column_padding_position=&#8221;all&#8221; background_color_opacity=&#8221;1&#8243; background_hover_color_opacity=&#8221;1&#8243; column_shadow=&#8221;none&#8221; column_border_radius=&#8221;none&#8221; column_link_target=&#8221;_self&#8221; gradient_direction=&#8221;left_to_right&#8221; overlay_strength=&#8221;0.3&#8243; width=&#8221;1\/1&#8243; tablet_width_inherit=&#8221;default&#8221; tablet_text_alignment=&#8221;default&#8221; phone_text_alignment=&#8221;default&#8221; column_border_width=&#8221;none&#8221; column_border_style=&#8221;solid&#8221; bg_image_animation=&#8221;none&#8221;][vc_column_text]\n<h1 style=\"text-align: center;\">Thank you for your message.<\/h1>\n<h3 style=\"text-align: center;\">We will contact you soon.<\/h3>\n[\/vc_column_text][\/vc_column][\/vc_row]\n","protected":false},"excerpt":{"rendered":"<p>[vc_row type=&#8221;in_container&#8221; full_screen_row_position=&#8221;middle&#8221; column_margin=&#8221;default&#8221; column_direction=&#8221;default&#8221; column_direction_tablet=&#8221;default&#8221; column_direction_phone=&#8221;default&#8221; scene_position=&#8221;center&#8221; top_padding=&#8221;200&#8243; bottom_padding=&#8221;250&#8243; top_padding_phone=&#8221;100&#8243; bottom_padding_phone=&#8221;100&#8243; text_color=&#8221;dark&#8221; text_align=&#8221;left&#8221; row_border_radius=&#8221;none&#8221; row_border_radius_applies=&#8221;bg&#8221; overlay_strength=&#8221;0.3&#8243; gradient_direction=&#8221;left_to_right&#8221; shape_divider_position=&#8221;bottom&#8221; bg_image_animation=&#8221;none&#8221; shape_type=&#8221;&#8221;][vc_column column_padding=&#8221;no-extra-padding&#8221; column_padding_tablet=&#8221;inherit&#8221; column_padding_phone=&#8221;inherit&#8221; column_padding_position=&#8221;all&#8221; background_color_opacity=&#8221;1&#8243; background_hover_color_opacity=&#8221;1&#8243; column_shadow=&#8221;none&#8221; column_border_radius=&#8221;none&#8221; column_link_target=&#8221;_self&#8221;&#8230;<\/p>\n","protected":false},"author":1,"featured_media":0,"parent":703,"menu_order":0,"comment_status":"closed","ping_status":"closed","template":"","meta":{"inline_featured_image":false,"footnotes":""},"class_list":["post-738","page","type-page","status-publish"],"yoast_head":"<!-- This site is optimized with the Yoast SEO plugin v24.0 - https:\/\/yoast.com\/wordpress\/plugins\/seo\/ -->\n<title>MERIOR - \u0160pecialista na pr\u00e9miov\u00e9 a luxusn\u00e9 zaria\u010fovanie interi\u00e9rov | Thank you<\/title>\n<meta name=\"description\" content=\"Viac ako 20 ro\u010dn\u00e9 sk\u00fasenosti v zaria\u010fovan\u00ed interi\u00e9rov reziden\u010dn\u00fdch a hotelov\u00fdch projektov na k\u013e\u00fa\u010d. \u0160pecializujeme sa na pr\u00e9miov\u00e9 a luxusn\u00e9 projekty.\" \/>\n<meta name=\"robots\" content=\"index, follow, max-snippet:-1, max-image-preview:large, max-video-preview:-1\" \/>\n<link rel=\"canonical\" href=\"https:\/\/www.merior.sk\/kontakt\/dakujeme\/\" \/>\n<meta property=\"og:locale\" content=\"en_US\" \/>\n<meta property=\"og:type\" content=\"article\" \/>\n<meta property=\"og:title\" content=\"MERIOR - \u0160pecialista na pr\u00e9miov\u00e9 a luxusn\u00e9 zaria\u010fovanie interi\u00e9rov | Thank you\" \/>\n<meta property=\"og:description\" content=\"Viac ako 20 ro\u010dn\u00e9 sk\u00fasenosti v zaria\u010fovan\u00ed interi\u00e9rov reziden\u010dn\u00fdch a hotelov\u00fdch projektov na k\u013e\u00fa\u010d. \u0160pecializujeme sa na pr\u00e9miov\u00e9 a luxusn\u00e9 projekty.\" \/>\n<meta property=\"og:url\" content=\"https:\/\/www.merior.sk\/kontakt\/dakujeme\/\" \/>\n<meta property=\"og:site_name\" content=\"MERIOR\" \/>\n<meta property=\"article:modified_time\" content=\"2021-02-02T11:31:31+00:00\" \/>\n<meta property=\"og:image\" content=\"https:\/\/www.merior.sk\/wp-content\/uploads\/2020\/09\/shareimage.png\" \/>\n\t<meta property=\"og:image:width\" content=\"1200\" \/>\n\t<meta property=\"og:image:height\" content=\"630\" \/>\n\t<meta property=\"og:image:type\" content=\"image\/png\" \/>\n<meta name=\"twitter:card\" content=\"summary_large_image\" \/>\n<meta name=\"twitter:label1\" content=\"Est. reading time\" \/>\n\t<meta name=\"twitter:data1\" content=\"1 minute\" \/>\n<script type=\"application\/ld+json\" class=\"yoast-schema-graph\">{\"@context\":\"https:\/\/schema.org\",\"@graph\":[{\"@type\":\"WebPage\",\"@id\":\"https:\/\/www.merior.sk\/kontakt\/dakujeme\/\",\"url\":\"https:\/\/www.merior.sk\/kontakt\/dakujeme\/\",\"name\":\"MERIOR - \u0160pecialista na pr\u00e9miov\u00e9 a luxusn\u00e9 zaria\u010fovanie interi\u00e9rov | Thank you\",\"isPartOf\":{\"@id\":\"https:\/\/www.merior.sk\/#website\"},\"datePublished\":\"2021-01-28T12:46:47+00:00\",\"dateModified\":\"2021-02-02T11:31:31+00:00\",\"description\":\"Viac ako 20 ro\u010dn\u00e9 sk\u00fasenosti v zaria\u010fovan\u00ed interi\u00e9rov reziden\u010dn\u00fdch a hotelov\u00fdch projektov na k\u013e\u00fa\u010d. \u0160pecializujeme sa na pr\u00e9miov\u00e9 a luxusn\u00e9 projekty.\",\"breadcrumb\":{\"@id\":\"https:\/\/www.merior.sk\/kontakt\/dakujeme\/#breadcrumb\"},\"inLanguage\":\"en-US\",\"potentialAction\":[{\"@type\":\"ReadAction\",\"target\":[\"https:\/\/www.merior.sk\/kontakt\/dakujeme\/\"]}]},{\"@type\":\"BreadcrumbList\",\"@id\":\"https:\/\/www.merior.sk\/kontakt\/dakujeme\/#breadcrumb\",\"itemListElement\":[{\"@type\":\"ListItem\",\"position\":1,\"name\":\"Domovsk\u00e1 str\u00e1nka\",\"item\":\"https:\/\/www.merior.sk\/en\/\"},{\"@type\":\"ListItem\",\"position\":2,\"name\":\"Contact\",\"item\":\"https:\/\/www.merior.sk\/en\/contact\/\"},{\"@type\":\"ListItem\",\"position\":3,\"name\":\"Thank you\"}]},{\"@type\":\"WebSite\",\"@id\":\"https:\/\/www.merior.sk\/#website\",\"url\":\"https:\/\/www.merior.sk\/\",\"name\":\"MERIOR\",\"description\":\"The specialist in premium and luxury furnishings.\",\"potentialAction\":[{\"@type\":\"SearchAction\",\"target\":{\"@type\":\"EntryPoint\",\"urlTemplate\":\"https:\/\/www.merior.sk\/?s={search_term_string}\"},\"query-input\":{\"@type\":\"PropertyValueSpecification\",\"valueRequired\":true,\"valueName\":\"search_term_string\"}}],\"inLanguage\":\"en-US\"}]}<\/script>\n<!-- \/ Yoast SEO plugin. -->","yoast_head_json":{"title":"MERIOR - \u0160pecialista na pr\u00e9miov\u00e9 a luxusn\u00e9 zaria\u010fovanie interi\u00e9rov | Thank you","description":"Viac ako 20 ro\u010dn\u00e9 sk\u00fasenosti v zaria\u010fovan\u00ed interi\u00e9rov reziden\u010dn\u00fdch a hotelov\u00fdch projektov na k\u013e\u00fa\u010d. \u0160pecializujeme sa na pr\u00e9miov\u00e9 a luxusn\u00e9 projekty.","robots":{"index":"index","follow":"follow","max-snippet":"max-snippet:-1","max-image-preview":"max-image-preview:large","max-video-preview":"max-video-preview:-1"},"canonical":"https:\/\/www.merior.sk\/kontakt\/dakujeme\/","og_locale":"en_US","og_type":"article","og_title":"MERIOR - \u0160pecialista na pr\u00e9miov\u00e9 a luxusn\u00e9 zaria\u010fovanie interi\u00e9rov | Thank you","og_description":"Viac ako 20 ro\u010dn\u00e9 sk\u00fasenosti v zaria\u010fovan\u00ed interi\u00e9rov reziden\u010dn\u00fdch a hotelov\u00fdch projektov na k\u013e\u00fa\u010d. \u0160pecializujeme sa na pr\u00e9miov\u00e9 a luxusn\u00e9 projekty.","og_url":"https:\/\/www.merior.sk\/kontakt\/dakujeme\/","og_site_name":"MERIOR","article_modified_time":"2021-02-02T11:31:31+00:00","og_image":[{"width":1200,"height":630,"url":"https:\/\/www.merior.sk\/wp-content\/uploads\/2020\/09\/shareimage.png","type":"image\/png"}],"twitter_card":"summary_large_image","twitter_misc":{"Est. reading time":"1 minute"},"schema":{"@context":"https:\/\/schema.org","@graph":[{"@type":"WebPage","@id":"https:\/\/www.merior.sk\/kontakt\/dakujeme\/","url":"https:\/\/www.merior.sk\/kontakt\/dakujeme\/","name":"MERIOR - \u0160pecialista na pr\u00e9miov\u00e9 a luxusn\u00e9 zaria\u010fovanie interi\u00e9rov | Thank you","isPartOf":{"@id":"https:\/\/www.merior.sk\/#website"},"datePublished":"2021-01-28T12:46:47+00:00","dateModified":"2021-02-02T11:31:31+00:00","description":"Viac ako 20 ro\u010dn\u00e9 sk\u00fasenosti v zaria\u010fovan\u00ed interi\u00e9rov reziden\u010dn\u00fdch a hotelov\u00fdch projektov na k\u013e\u00fa\u010d. \u0160pecializujeme sa na pr\u00e9miov\u00e9 a luxusn\u00e9 projekty.","breadcrumb":{"@id":"https:\/\/www.merior.sk\/kontakt\/dakujeme\/#breadcrumb"},"inLanguage":"en-US","potentialAction":[{"@type":"ReadAction","target":["https:\/\/www.merior.sk\/kontakt\/dakujeme\/"]}]},{"@type":"BreadcrumbList","@id":"https:\/\/www.merior.sk\/kontakt\/dakujeme\/#breadcrumb","itemListElement":[{"@type":"ListItem","position":1,"name":"Domovsk\u00e1 str\u00e1nka","item":"https:\/\/www.merior.sk\/en\/"},{"@type":"ListItem","position":2,"name":"Contact","item":"https:\/\/www.merior.sk\/en\/contact\/"},{"@type":"ListItem","position":3,"name":"Thank you"}]},{"@type":"WebSite","@id":"https:\/\/www.merior.sk\/#website","url":"https:\/\/www.merior.sk\/","name":"MERIOR","description":"The specialist in premium and luxury furnishings.","potentialAction":[{"@type":"SearchAction","target":{"@type":"EntryPoint","urlTemplate":"https:\/\/www.merior.sk\/?s={search_term_string}"},"query-input":{"@type":"PropertyValueSpecification","valueRequired":true,"valueName":"search_term_string"}}],"inLanguage":"en-US"}]}},"_links":{"self":[{"href":"https:\/\/www.merior.sk\/en\/wp-json\/wp\/v2\/pages\/738","targetHints":{"allow":["GET"]}}],"collection":[{"href":"https:\/\/www.merior.sk\/en\/wp-json\/wp\/v2\/pages"}],"about":[{"href":"https:\/\/www.merior.sk\/en\/wp-json\/wp\/v2\/types\/page"}],"author":[{"embeddable":true,"href":"https:\/\/www.merior.sk\/en\/wp-json\/wp\/v2\/users\/1"}],"replies":[{"embeddable":true,"href":"https:\/\/www.merior.sk\/en\/wp-json\/wp\/v2\/comments?post=738"}],"version-history":[{"count":2,"href":"https:\/\/www.merior.sk\/en\/wp-json\/wp\/v2\/pages\/738\/revisions"}],"predecessor-version":[{"id":740,"href":"https:\/\/www.merior.sk\/en\/wp-json\/wp\/v2\/pages\/738\/revisions\/740"}],"up":[{"embeddable":true,"href":"https:\/\/www.merior.sk\/en\/wp-json\/wp\/v2\/pages\/703"}],"wp:attachment":[{"href":"https:\/\/www.merior.sk\/en\/wp-json\/wp\/v2\/media?parent=738"}],"curies":[{"name":"wp","href":"https:\/\/api.w.org\/{rel}","templated":true}]}}